{"id":55,"date":"2018-02-08T19:30:13","date_gmt":"2018-02-08T19:30:13","guid":{"rendered":"https:\/\/railife.com.br\/site\/?page_id=55"},"modified":"2018-02-18T15:47:35","modified_gmt":"2018-02-18T18:47:35","slug":"falando-sobre-sexo","status":"publish","type":"page","link":"https:\/\/railife.com.br\/site\/falando-sobre-sexo\/","title":{"rendered":"Falando sobre sexo"},"content":{"rendered":"<p>A verdadeira atra\u00e7\u00e3o vai al\u00e9m do f\u00edsico. A aut\u00eantica intera\u00e7\u00e3o entre duas pessoas\u00a0reside na leitura emocional de dois cora\u00e7\u00f5es que se harmonizam, que se entendem.\u00a0\u00c9 dessa atra\u00e7\u00e3o que uma pessoa n\u00e3o consegue se libertar nem mesmo ao fechar os\u00a0olhos. A chave do que \u00e9 atraente poderia estar na compreens\u00e3o m\u00fatua entre duas\u00a0pessoas. A atra\u00e7\u00e3o f\u00edsica n\u00e3o perdura. Ao mesmo tempo que \u00e9 intensa, \u00e9 vazia e fugaz. Mas a atra\u00e7\u00e3o pela mente e o mundo emocional \u00e9 o que nos transforma nos melhores\u00a0parceiros.<\/p>\n<p><img loading=\"lazy\" decoding=\"async\" class=\" wp-image-57 alignleft\" src=\"https:\/\/railife.com.br\/site\/wp-content\/uploads\/2018\/02\/002-300x200.jpg\" alt=\"\" width=\"329\" height=\"219\" srcset=\"https:\/\/railife.com.br\/site\/wp-content\/uploads\/2018\/02\/002-300x200.jpg 300w, https:\/\/railife.com.br\/site\/wp-content\/uploads\/2018\/02\/002-768x512.jpg 768w, https:\/\/railife.com.br\/site\/wp-content\/uploads\/2018\/02\/002-1024x683.jpg 1024w, https:\/\/railife.com.br\/site\/wp-content\/uploads\/2018\/02\/002.jpg 1920w\" sizes=\"auto, (max-width: 329px) 100vw, 329px\" \/>Atualmente vivemos em uma sociedade livre de censuras. A m\u00eddia,\u00a0 a televis\u00e3o, o r\u00e1dio, a\u00a0internet promove espa\u00e7o para abordar qualquer assunto ou at\u00e9 mesmo imagens.\u00a0A internet traz um leque enorme para qualquer op\u00e7\u00e3o de g\u00eanero de filmes, stand up,\u00a0blogs, etc.<\/p>\n<p>Uma das maiores dificuldades, principalmente entre as pessoas que mant\u00eam uma\u00a0rela\u00e7\u00e3o de longa dura\u00e7\u00e3o, \u00e9 desenvolver uma conversa s\u00e9ria sobre sexualidade ou\u00a0relacionamento sexual.\u00a0Algumas mulheres se desencantam pela procura sexual pelo fato de n\u00e3o sentir um orgasmo. O orgasmo \u00e9 sem d\u00favida um aspecto agrad\u00e1vel dentro do relacionamento\u00a0sexual, mas ele n\u00e3o \u00e9 uma parte isolada. Assim como para o homem, com o passar\u00a0do tempo, j\u00e1 n\u00e3o se satisfaz somente com uma ejacula\u00e7\u00e3o, ele deseja intera\u00e7\u00e3o, e\u00a0para que isso ocorra, depende do quanto os pares sentem-se \u00e0 vontade consigo mesmos,\u00a0com seus pensamentos, com seus desejos.<\/p>\n<p>Para Heiman e Lopicollo (1992), crescer\u00a0sexualmente tem muito a ver com o crescimento pessoal de forma geral.<\/p>\n<p>Esse canal buscar\u00e1 preencher d\u00favidas sobre sexualidade e rela\u00e7\u00f5es sexuais. N\u00e3o\u00a0ser\u00e1 a abordagem em rela\u00e7\u00e3o ao sexo \u201cautom\u00e1tico\u201d ou o sexo \u201cinstinto\u201d. Os temas\u00a0aqui discutidos ser\u00e3o sobre o sexo cumplicidade, afetividade, intera\u00e7\u00e3o, trocas,\u00a0tes\u00e3o, prazer, orgasmo e satisfa\u00e7\u00e3o. Principalmente para casais que desejam ter\u00a0uma vida sexual ativa, com respeito, com tes\u00e3o, com inten\u00e7\u00e3o, com intensidade e\u00a0com orgasmos.<\/p>\n<p>Por que \u00e9 tend\u00eancia em um relacionamento formal, o sexo ser esquecido?<br \/>\nPor que\u00a0diminui o desejo que havia no in\u00edcio dessa rela\u00e7\u00e3o?<br \/>\nPois segundo Heiman e\u00a0Lopiccolo (1992), o ser humano tem necessidades emocionais de proximidade,\u00a0intimidade, afeto e gratifica\u00e7\u00e3o sexual.<br \/>\nPorque nos acomodamos, e j\u00e1 n\u00e3o sentimos a falta dessa intera\u00e7\u00e3o corporal que \u00e9 o\u00a0sexo? Ou sente-se a falta, mas existe a dificuldade em conversar o assunto?<br \/>\nRefletindo sobre essas quest\u00f5es, estaremos abordando assuntos que influenciam a\u00a0intera\u00e7\u00e3o sexual de um casal, tais como:<\/p>\n<ul>\n<li>Autoconhecimento<\/li>\n<li>Autoestima<\/li>\n<li>Acomoda\u00e7\u00e3o<\/li>\n<li>Desequil\u00edbrio financeiro<\/li>\n<li>Educa\u00e7\u00e3o de Filhos<\/li>\n<li>Ego\u00edsmo<\/li>\n<li>Falta de transpar\u00eancia<\/li>\n<li>Excesso de trabalho<\/li>\n<li>Excesso de ativismo (igreja, comunidades, encontros com amigos, familiares, voluntariados, etc)<\/li>\n<li>Falta de contato (pele, toque, beijo, abra\u00e7o)<\/li>\n<li>\u00d3rg\u00e3os sexuais no corpo humano: quando mencionamos os \u00f3rg\u00e3os sexuais no ser humano, \u00e9 imediato se pensar nos \u00f3rg\u00e3os reprodutivos: p\u00eanis e vagina. Ser\u00e1 que estes s\u00e3o os \u00fanicos \u00f3rg\u00e3os que desencadeiam prazer sexual nos pares?<\/li>\n<\/ul>\n<p>Acredito que temos muito a conversar neste blog.<\/p>\n","protected":false},"excerpt":{"rendered":"<p>A verdadeira atra\u00e7\u00e3o vai al\u00e9m do f\u00edsico. A aut\u00eantica intera\u00e7\u00e3o entre duas pessoas\u00a0reside na leitura emocional de dois cora\u00e7\u00f5es que se harmonizam, que se entendem.\u00a0\u00c9 dessa atra\u00e7\u00e3o que uma pessoa n\u00e3o consegue se libertar nem mesmo ao fechar os\u00a0olhos. A chave do que \u00e9 atraente poderia estar na compreens\u00e3o m\u00fatua entre duas\u00a0pessoas. A atra\u00e7\u00e3o f\u00edsica [&hellip;]<\/p>\n","protected":false},"author":1,"featured_media":0,"parent":0,"menu_order":0,"comment_status":"closed","ping_status":"closed","template":"","meta":{"inline_featured_image":false,"footnotes":""},"class_list":["post-55","page","type-page","status-publish","hentry"],"_links":{"self":[{"href":"https:\/\/railife.com.br\/site\/wp-json\/wp\/v2\/pages\/55","targetHints":{"allow":["GET"]}}],"collection":[{"href":"https:\/\/railife.com.br\/site\/wp-json\/wp\/v2\/pages"}],"about":[{"href":"https:\/\/railife.com.br\/site\/wp-json\/wp\/v2\/types\/page"}],"author":[{"embeddable":true,"href":"https:\/\/railife.com.br\/site\/wp-json\/wp\/v2\/users\/1"}],"replies":[{"embeddable":true,"href":"https:\/\/railife.com.br\/site\/wp-json\/wp\/v2\/comments?post=55"}],"version-history":[{"count":6,"href":"https:\/\/railife.com.br\/site\/wp-json\/wp\/v2\/pages\/55\/revisions"}],"predecessor-version":[{"id":186,"href":"https:\/\/railife.com.br\/site\/wp-json\/wp\/v2\/pages\/55\/revisions\/186"}],"wp:attachment":[{"href":"https:\/\/railife.com.br\/site\/wp-json\/wp\/v2\/media?parent=55"}],"curies":[{"name":"wp","href":"https:\/\/api.w.org\/{rel}","templated":true}]}}